{"id":1403,"date":"2025-07-15T09:39:33","date_gmt":"2025-07-15T07:39:33","guid":{"rendered":"https:\/\/wingchun-wt.es\/?page_id=1403"},"modified":"2025-07-17T17:50:23","modified_gmt":"2025-07-17T15:50:23","slug":"biografia","status":"publish","type":"page","link":"https:\/\/wingchun-wt.es\/index.php\/biografia\/","title":{"rendered":"Biograf\u00eda"},"content":{"rendered":"\n<p><strong>Jos\u00e9 C. Casimiro<\/strong> (Alicante, Espa\u00f1a) es un maestro espa\u00f1ol de artes marciales especializado en <strong>Wing Chun<\/strong>, autor de varios libros y cofundador de la organizaci\u00f3n <strong>Martial Alliance<\/strong>. Con m\u00e1s de 50 a\u00f1os de trayectoria, ha dedicado su vida a la pr\u00e1ctica, ense\u00f1anza y reflexi\u00f3n sobre el verdadero sentido del arte marcial, priorizando la \u00e9tica y la formaci\u00f3n seria frente al ego y la comercializaci\u00f3n.<\/p>\n\n\n\n<h2 class=\"wp-block-heading\">Trayectoria<\/h2>\n\n\n\n<p>Su formaci\u00f3n en artes marciales comenz\u00f3 a la temprana edad de nueve a\u00f1os, explorando distintas disciplinas antes de encontrar en el Wing Chun el camino que marcar\u00eda su vida. Desde entonces, ha impartido clases, dirigido su propia escuela durante d\u00e9cadas y ofrecido seminarios en toda Espa\u00f1a.<\/p>\n\n\n\n<p>En 2019 fund\u00f3, junto con V\u00edctor Cobos y V\u00edctor Guti\u00e9rrez, la organizaci\u00f3n <strong>Martial Alliance<\/strong>, cuyo objetivo es recuperar los valores aut\u00e9nticos del arte marcial mediante la cooperaci\u00f3n, la transparencia y una formaci\u00f3n t\u00e9cnica y \u00e9tica para practicantes debidamente acreditados y formados.<\/p>\n\n\n\n<p>Ha destacado siempre por su enfoque cr\u00edtico hacia los abusos jer\u00e1rquicos en el mundo marcial, su compromiso con la integridad personal y su visi\u00f3n pedag\u00f3gica centrada en la persona m\u00e1s all\u00e1 de la t\u00e9cnica.<\/p>\n\n\n\n<h2 class=\"wp-block-heading\">Publicaciones<\/h2>\n\n\n\n<p>Jos\u00e9 C. Casimiro es autor de cuatro libros publicados en Amazon KDP, donde comparte su conocimiento, su experiencia personal y su filosof\u00eda:<\/p>\n\n\n\n<ul class=\"wp-block-list\">\n<li>\ud83d\udcd6 <em>D\u00e9cima Secci\u00f3n Fusi\u00f3n \u2014 Wing Chun<\/em> (2019)<br>\ud83d\udc49 <a>Compr<\/a><a href=\"https:\/\/amzn.eu\/d\/15YMKMX\" data-type=\"URL\" data-id=\"https:\/\/amzn.eu\/d\/15YMKMX\" target=\"_blank\" rel=\"noreferrer noopener\">ar en Amazon<\/a><\/li>\n\n\n\n<li>\ud83d\udcd6 <em>Siu Nim Tao, la forma<\/em> (2023)<br>\ud83d\udc49 <a href=\"https:\/\/amzn.eu\/d\/54qhihz\" data-type=\"URL\" data-id=\"https:\/\/amzn.eu\/d\/54qhihz\" target=\"_blank\" rel=\"noreferrer noopener\">Comprar en Amazo<\/a>n<\/li>\n\n\n\n<li>\ud83d\udcd6 <em>El uso del Kyusho en Wing Chun<\/em> (2024)<br>\ud83d\udc49 <a>Comprar<\/a><a href=\"https:\/\/amzn.eu\/d\/6s2FdgJ\" data-type=\"URL\" data-id=\"https:\/\/amzn.eu\/d\/6s2FdgJ\" target=\"_blank\" rel=\"noreferrer noopener\"> en Amazon<\/a><\/li>\n\n\n\n<li>\ud83d\udcd6 <em>Mi camino en el arte: Autobiograf\u00eda<\/em> (2025)<br>\ud83d\udc49 <a>Comp<\/a><a href=\"https:\/\/amzn.eu\/d\/347jDNC\" data-type=\"URL\" data-id=\"https:\/\/amzn.eu\/d\/347jDNC\" target=\"_blank\" rel=\"noreferrer noopener\">rar en Amazon<\/a> <\/li>\n<\/ul>\n\n\n\n<h2 class=\"wp-block-heading\">Entrevistas y presencia en medios<\/h2>\n\n\n\n<ul class=\"wp-block-list\">\n<li>\ud83c\udfa7 <a>E<\/a><a href=\"https:\/\/go.ivoox.com\/rf\/128522823\" data-type=\"URL\" data-id=\"https:\/\/go.ivoox.com\/rf\/128522823\">ntrevista en <\/a><a href=\"https:\/\/go.ivoox.com\/rf\/128522823\" data-type=\"URL\" data-id=\"https:\/\/go.ivoox.com\/rf\/128522823\" target=\"_blank\" rel=\"noreferrer noopener\">iVoox<\/a><a href=\"https:\/\/go.ivoox.com\/rf\/128522823\" data-type=\"URL\" data-id=\"https:\/\/go.ivoox.com\/rf\/128522823\"> por B<\/a><a>orja Monta\u00f1o<\/a><\/li>\n\n\n\n<li>\ud83d\udcfa <a>Entrevista en Yo<\/a><a href=\"https:\/\/youtu.be\/sHgXr_FIT1k?si=gHKn17UXJ1Ebtvf7\" data-type=\"URL\" data-id=\"https:\/\/youtu.be\/sHgXr_FIT1k?si=gHKn17UXJ1Ebtvf7\">uTube para Anfiteatrum<\/a><\/li>\n<\/ul>\n\n\n\n<h2 class=\"wp-block-heading\">Martial Alliance<\/h2>\n\n\n\n<p>Jos\u00e9 Casimiro, es uno de los fundadores de<strong> Martial Alliance,<\/strong> una plataforma abierta y \u00e9tica para maestros y practicantes de artes marciales  asi\u00e1ticas y chinas, como Wing Chun, Arnis, Kali, Silat y Jeet Kune Do, Chi Kung, Choy Lee Fut etc. que promueve un modelo horizontal y colaborativo basado en la integridad, la calidad t\u00e9cnica y el respeto mutuo.<\/p>\n\n\n\n<hr class=\"wp-block-separator has-alpha-channel-opacity\"\/>\n\n\n\n<div class=\"wp-block-buttons is-layout-flex wp-block-buttons-is-layout-flex\">\n<div class=\"wp-block-button\"><a class=\"wp-block-button__link wp-element-button\" href=\"https:\/\/amzn.eu\/d\/dm6eSIC\" target=\"_blank\" rel=\"noreferrer noopener\">D\u00e9cima Secci\u00f3n Fusi\u00f3n &#8211; Wing chun<\/a><\/div>\n\n\n\n<div class=\"wp-block-button\"><a class=\"wp-block-button__link wp-element-button\" href=\"https:\/\/amzn.eu\/d\/4u0ysCt\" target=\"_blank\" rel=\"noreferrer noopener\">Siu Nim tao-la forma<\/a><\/div>\n\n\n\n<div class=\"wp-block-button\"><a class=\"wp-block-button__link wp-element-button\" href=\"https:\/\/amzn.eu\/d\/eIBMv6O\" target=\"_blank\" rel=\"noreferrer noopener\">El uso del kyusho en wing chun<\/a><\/div>\n\n\n\n<div class=\"wp-block-button\"><a class=\"wp-block-button__link wp-element-button\" href=\"https:\/\/amzn.eu\/d\/a1R0COT\" target=\"_blank\" rel=\"noreferrer noopener\">Mi camino en el arte<\/a><\/div>\n<\/div>\n\n\n\n<hr class=\"wp-block-separator has-alpha-channel-opacity\"\/>\n\n\n\n<hr class=\"wp-block-separator has-alpha-channel-opacity\"\/>\n\n\n\n<div style=\"height:100px\" aria-hidden=\"true\" class=\"wp-block-spacer\"><\/div>\n","protected":false},"excerpt":{"rendered":"<p>Jos\u00e9 C. Casimiro (Alicante, Espa\u00f1a) es un maestro espa\u00f1ol de artes marciales especializado en Wing Chun, autor de varios libros y cofundador de la organizaci\u00f3n Martial Alliance. Con m\u00e1s de 50 a\u00f1os de trayectoria, ha dedicado su vida a la pr\u00e1ctica, ense\u00f1anza y reflexi\u00f3n sobre&#8230;<\/p>\n","protected":false},"author":2,"featured_media":0,"parent":0,"menu_order":0,"comment_status":"closed","ping_status":"closed","template":"","meta":{"_monsterinsights_skip_tracking":false,"_monsterinsights_sitenote_active":false,"_monsterinsights_sitenote_note":"","_monsterinsights_sitenote_category":0,"footnotes":""},"class_list":["post-1403","page","type-page","status-publish","hentry"],"post_mailing_queue_ids":[],"_links":{"self":[{"href":"https:\/\/wingchun-wt.es\/index.php\/wp-json\/wp\/v2\/pages\/1403","targetHints":{"allow":["GET"]}}],"collection":[{"href":"https:\/\/wingchun-wt.es\/index.php\/wp-json\/wp\/v2\/pages"}],"about":[{"href":"https:\/\/wingchun-wt.es\/index.php\/wp-json\/wp\/v2\/types\/page"}],"author":[{"embeddable":true,"href":"https:\/\/wingchun-wt.es\/index.php\/wp-json\/wp\/v2\/users\/2"}],"replies":[{"embeddable":true,"href":"https:\/\/wingchun-wt.es\/index.php\/wp-json\/wp\/v2\/comments?post=1403"}],"version-history":[{"count":6,"href":"https:\/\/wingchun-wt.es\/index.php\/wp-json\/wp\/v2\/pages\/1403\/revisions"}],"predecessor-version":[{"id":1417,"href":"https:\/\/wingchun-wt.es\/index.php\/wp-json\/wp\/v2\/pages\/1403\/revisions\/1417"}],"wp:attachment":[{"href":"https:\/\/wingchun-wt.es\/index.php\/wp-json\/wp\/v2\/media?parent=1403"}],"curies":[{"name":"wp","href":"https:\/\/api.w.org\/{rel}","templated":true}]}}