{"id":1437,"date":"2025-07-17T18:07:07","date_gmt":"2025-07-17T16:07:07","guid":{"rendered":"https:\/\/wingchun-wt.es\/?page_id=1437"},"modified":"2025-07-17T18:24:09","modified_gmt":"2025-07-17T16:24:09","slug":"centros","status":"publish","type":"page","link":"https:\/\/wingchun-wt.es\/index.php\/centros\/","title":{"rendered":"CENTROS"},"content":{"rendered":"\n<h1 class=\"wp-block-heading\">\ud83d\udccc Nuestros Centros y Colaboradores Oficiales<\/h1>\n\n\n\n<p>En <em>Wing Chun Wuyi<\/em>, la ense\u00f1anza y la filosof\u00eda marcial se transmiten a trav\u00e9s de centros y colaboradores comprometidos con la esencia verdadera del arte. Aqu\u00ed puedes encontrar d\u00f3nde practicar y aprender, guiado siempre por los valores de respeto, tradici\u00f3n y evoluci\u00f3n que defiende Sifu Jos\u00e9 Casimiro.<\/p>\n\n\n\n<h2 class=\"wp-block-heading\">Centros Oficiales<\/h2>\n\n\n\n<h3 class=\"wp-block-heading\">\ud83d\udccd<a rel=\"noreferrer noopener\" href=\"https:\/\/wingchun-wt.es\/index.php\/artesmarcialesalicante\/\" data-type=\"URL\" data-id=\"https:\/\/wingchun-wt.es\/index.php\/artesmarcialesalicante\/\" target=\"_blank\"> <\/a><a href=\"https:\/\/wingchun-wt.es\/index.php\/artesmarcialesalicante\/\" data-type=\"URL\" data-id=\"https:\/\/wingchun-wt.es\/index.php\/artesmarcialesalicante\/\" target=\"_blank\" rel=\"noreferrer noopener\">Alicante<\/a><\/h3>\n\n\n\n<p>Nuestro centro principal, donde comenz\u00f3 todo. Aqu\u00ed encontrar\u00e1s la ense\u00f1anza directa de Sifu Jos\u00e9 Casimiro y la base del Wing Chun Wuyi.<\/p>\n\n\n\n<h3 class=\"wp-block-heading\">\ud83d\udccd <a href=\"https:\/\/wingchun-wt.es\/index.php\/wingchun-madrid\/\" data-type=\"URL\" data-id=\"https:\/\/wingchun-wt.es\/index.php\/wingchun-madrid\/\" target=\"_blank\" rel=\"noreferrer noopener\">Madrid<\/a><\/h3>\n\n\n\n<p>En el coraz\u00f3n de la capital, un centro donde tradici\u00f3n y modernidad se unen para ofrecer la mejor formaci\u00f3n marcial.<\/p>\n\n\n\n<h3 class=\"wp-block-heading\">\ud83d\udccd <a href=\"https:\/\/wingchun-wt.es\/index.php\/wing-chun-wuyi-chiclana-de-la-frontera\/\" data-type=\"URL\" data-id=\"https:\/\/wingchun-wt.es\/index.php\/wing-chun-wuyi-chiclana-de-la-frontera\/\" target=\"_blank\" rel=\"noreferrer noopener\">Puerto Real<\/a><\/h3>\n\n\n\n<p>La ense\u00f1anza del Wing Chun Wuyi tambi\u00e9n est\u00e1 presente en C\u00e1diz, para quienes buscan una formaci\u00f3n \u00e9tica y aut\u00e9ntica.<\/p>\n\n\n\n<h3 class=\"wp-block-heading\">\ud83d\udccd <a href=\"https:\/\/wingchun-wt.es\/index.php\/wing-chun-wuyi-fuerteventura\/\" data-type=\"URL\" data-id=\"https:\/\/wingchun-wt.es\/index.php\/wing-chun-wuyi-fuerteventura\/\" target=\"_blank\" rel=\"noreferrer noopener\">Fuerteventura<\/a><\/h3>\n\n\n\n<p>En las Islas Canarias, la esencia del Wing Chun Wuyi se mantiene viva gracias a un grupo comprometido con la filosof\u00eda del arte.<\/p>\n\n\n\n<p><\/p>\n\n\n\n<h3 class=\"wp-block-heading\">\ud83e\udd1d <a href=\"https:\/\/wingchun-wt.es\/index.php\/wing-chun-wuyi-colaboradores\/\" data-type=\"URL\" data-id=\"https:\/\/wingchun-wt.es\/index.php\/wing-chun-wuyi-colaboradores\/\" target=\"_blank\" rel=\"noreferrer noopener\">Colaboradores<\/a><\/h3>\n\n\n\n<p>Conoce a los colaboradores que, desde diferentes lugares, comparten y apoyan el camino del Wing Chun Wuyi junto a Sifu Jos\u00e9 Casimiro.<\/p>\n","protected":false},"excerpt":{"rendered":"<p>\ud83d\udccc Nuestros Centros y Colaboradores Oficiales En Wing Chun Wuyi, la ense\u00f1anza y la filosof\u00eda marcial se transmiten a trav\u00e9s de centros y colaboradores comprometidos con la esencia verdadera del arte. Aqu\u00ed puedes encontrar d\u00f3nde practicar y aprender, guiado siempre por los valores de respeto,&#8230;<\/p>\n","protected":false},"author":2,"featured_media":0,"parent":0,"menu_order":0,"comment_status":"closed","ping_status":"closed","template":"","meta":{"_monsterinsights_skip_tracking":false,"_monsterinsights_sitenote_active":false,"_monsterinsights_sitenote_note":"","_monsterinsights_sitenote_category":0,"footnotes":""},"class_list":["post-1437","page","type-page","status-publish","hentry"],"post_mailing_queue_ids":[],"_links":{"self":[{"href":"https:\/\/wingchun-wt.es\/index.php\/wp-json\/wp\/v2\/pages\/1437","targetHints":{"allow":["GET"]}}],"collection":[{"href":"https:\/\/wingchun-wt.es\/index.php\/wp-json\/wp\/v2\/pages"}],"about":[{"href":"https:\/\/wingchun-wt.es\/index.php\/wp-json\/wp\/v2\/types\/page"}],"author":[{"embeddable":true,"href":"https:\/\/wingchun-wt.es\/index.php\/wp-json\/wp\/v2\/users\/2"}],"replies":[{"embeddable":true,"href":"https:\/\/wingchun-wt.es\/index.php\/wp-json\/wp\/v2\/comments?post=1437"}],"version-history":[{"count":6,"href":"https:\/\/wingchun-wt.es\/index.php\/wp-json\/wp\/v2\/pages\/1437\/revisions"}],"predecessor-version":[{"id":1445,"href":"https:\/\/wingchun-wt.es\/index.php\/wp-json\/wp\/v2\/pages\/1437\/revisions\/1445"}],"wp:attachment":[{"href":"https:\/\/wingchun-wt.es\/index.php\/wp-json\/wp\/v2\/media?parent=1437"}],"curies":[{"name":"wp","href":"https:\/\/api.w.org\/{rel}","templated":true}]}}