{"id":277,"date":"2018-10-01T12:55:26","date_gmt":"2018-10-01T12:55:26","guid":{"rendered":"http:\/\/wingchun-wt.es\/?page_id=277"},"modified":"2025-07-15T10:43:54","modified_gmt":"2025-07-15T08:43:54","slug":"artesmarcialesalicante","status":"publish","type":"page","link":"https:\/\/wingchun-wt.es\/index.php\/artesmarcialesalicante\/","title":{"rendered":"Artes Marciales Alicante"},"content":{"rendered":"<p>[vc_row css_animation=\u00bb\u00bb row_type=\u00bbrow\u00bb use_row_as_full_screen_section=\u00bbno\u00bb type=\u00bbfull_width\u00bb angled_section=\u00bbno\u00bb text_align=\u00bbleft\u00bb background_image_as_pattern=\u00bbwithout_pattern\u00bb z_index=\u00bb\u00bb css=\u00bb.vc_custom_1538398287750{padding-top: 30px !important;padding-bottom: 30px !important;}\u00bb][vc_column css=\u00bb.vc_custom_1538398254645{padding-top: 45px !important;}\u00bb][vc_column_text]<\/p>\n<p style=\"font-weight: 400; text-align: center;\">A principios del a\u00f1o 2010 naci\u00f3 la <strong>Escuela de Artes Marciales Alicante.<\/strong><br \/>\nEn pleno pulm\u00f3n de la ciudad, sita en la calle Doctor Santaolalla, 5 (patio interior), a 200 metros de Renfe y 300 del Corte Ingl\u00e9s.<br \/>\nDurante muchos a\u00f1os, nuestra escuela fue exclusivamente de Artes Marciales. En ella encontrabas actividades y formaci\u00f3n continua, tan diferente como:<\/p>\n<p style=\"font-weight: 400; text-align: center;\">Wing Chun Kung Fu, AKG, Kali Eskrima, Jeet Kune Do, Panantukan, Silat, Jiu Jitsu, Hapkido, Sac Jutsu, Defensa Policial, Kubotan, Defensa Personal y femenina, Brazilian Jiu Jitsu, Kyusho, Boxeo, etc.<\/p>\n<p style=\"font-weight: 400; text-align: center;\">Hemos formado a muchos estudiantes y, a d\u00eda de hoy, tienen sus propias escuelas.<br \/>\nPor nuestra escuela han pasado viajantes, estudiantes y maestros, de todos los puntos del mundo:<br \/>\nAlemania, Escocia, Inglaterra, Italia, Estados Unidos, Argentina, Chile, Uruguay, Argentina, Portugal, China, Francia, Ruman\u00eda, Grecia, etc.<br \/>\nNos han visitado para entrenar desde cada rinc\u00f3n de la pen\u00ednsula y nuestras preciosas islas.<\/p>\n<p>[\/vc_column_text][\/vc_column][\/vc_row][vc_row css_animation=\u00bb\u00bb row_type=\u00bbrow\u00bb use_row_as_full_screen_section=\u00bbno\u00bb type=\u00bbfull_width\u00bb angled_section=\u00bbno\u00bb text_align=\u00bbleft\u00bb background_image_as_pattern=\u00bbwithout_pattern\u00bb][vc_column][vc_zigzag color=\u00bbcustom\u00bb custom_color=\u00bb#dd3333&#8243;][\/vc_column][\/vc_row][vc_row css_animation=\u00bb\u00bb row_type=\u00bbrow\u00bb use_row_as_full_screen_section=\u00bbno\u00bb type=\u00bbfull_width\u00bb angled_section=\u00bbno\u00bb text_align=\u00bbleft\u00bb background_image_as_pattern=\u00bbwithout_pattern\u00bb css=\u00bb.vc_custom_1538398277135{padding-top: 55px !important;padding-bottom: 55px !important;}\u00bb z_index=\u00bb\u00bb][vc_column width=\u00bb1\/6&#8243;][\/vc_column][vc_column width=\u00bb2\/3&#8243;][vc_column_text]<\/p>\n<h3 style=\"text-align: center;\"><strong>Fin de una etapa, sin dejar de caminar<\/strong><\/h3>\n<p style=\"text-align: center;\">Despu\u00e9s de muchos a\u00f1os de actividad, la <strong>Escuela de Artes Marciales Alicante <\/strong>cesa su labor como centro f\u00edsico.<br \/>\nLa escuela se ha traspasado y <strong>no se impartir\u00e1n m\u00e1s clases regulares.<\/strong><\/p>\n<p>&nbsp;<\/p>\n<p style=\"text-align: center;\">Sin embargo, <strong>la trayectoria contin\u00faa<\/strong>.<\/p>\n<p style=\"text-align: center;\">\u00a0 \u00a0 \u00a0 \u00a0Sigo disponible para:<\/p>\n<ul style=\"text-align: center;\">\n<li>* Seminarios puntuales<\/li>\n<li>* Charlas y encuentros<\/li>\n<li>* Formaci\u00f3n espec\u00edfica<\/li>\n<li>* Entrenamientos privados<\/li>\n<li>* Colaboraciones con escuelas o instituciones<\/li>\n<\/ul>\n<p style=\"text-align: center;\">El arte marcial no termina con un espacio.<br \/>\n<strong>Se mantiene vivo en quienes lo practican y lo comparten con sentido.<\/strong><\/p>\n<p>&nbsp;<\/p>\n<p style=\"text-align: center;\">Para quienes deseen contactar o retomar ese v\u00ednculo, aqu\u00ed me encuentro.<br \/>\nCon la misma entrega. Con un paso m\u00e1s pausado, pero firme.<\/p>\n<p style=\"text-align: center;\"><em>Sifu Jos\u00e9 C. Casimiro<\/em><br \/>\n<strong>Wing Chun Wuyi \u2013 M\u00e1s que una escuela, un camino<\/strong><\/p>\n<p style=\"text-align: center;\">m\u00f3vil: 617 481 197<\/p>\n<p style=\"text-align: center;\">wi&#110;&#x67;&#x63;&#x68;unw&#117;&#x79;&#x69;&#x40;gm&#97;&#105;&#x6c;&#x2e;&#x63;om<\/p>\n<p>[\/vc_column_text][\/vc_column][vc_column width=\u00bb1\/6&#8243;][\/vc_column][\/vc_row]<\/p>\n","protected":false},"excerpt":{"rendered":"<p>[vc_row css_animation=\u00bb\u00bb row_type=\u00bbrow\u00bb use_row_as_full_screen_section=\u00bbno\u00bb type=\u00bbfull_width\u00bb angled_section=\u00bbno\u00bb text_align=\u00bbleft\u00bb background_image_as_pattern=\u00bbwithout_pattern\u00bb z_index=\u00bb\u00bb css=\u00bb.vc_custom_1538398287750{padding-top: 30px !important;padding-bottom: 30px !important;}\u00bb][vc_column css=\u00bb.vc_custom_1538398254645{padding-top: 45px !important;}\u00bb][vc_column_text] A principios del a\u00f1o 2010 naci\u00f3 la Escuela de Artes Marciales Alicante. En pleno pulm\u00f3n de la ciudad, sita en la calle Doctor Santaolalla, 5 (patio interior), a&#8230;<\/p>\n","protected":false},"author":1,"featured_media":0,"parent":0,"menu_order":0,"comment_status":"closed","ping_status":"closed","template":"full_width.php","meta":{"_monsterinsights_skip_tracking":false,"_monsterinsights_sitenote_active":false,"_monsterinsights_sitenote_note":"","_monsterinsights_sitenote_category":0,"footnotes":""},"class_list":["post-277","page","type-page","status-publish","hentry"],"post_mailing_queue_ids":[],"_links":{"self":[{"href":"https:\/\/wingchun-wt.es\/index.php\/wp-json\/wp\/v2\/pages\/277","targetHints":{"allow":["GET"]}}],"collection":[{"href":"https:\/\/wingchun-wt.es\/index.php\/wp-json\/wp\/v2\/pages"}],"about":[{"href":"https:\/\/wingchun-wt.es\/index.php\/wp-json\/wp\/v2\/types\/page"}],"author":[{"embeddable":true,"href":"https:\/\/wingchun-wt.es\/index.php\/wp-json\/wp\/v2\/users\/1"}],"replies":[{"embeddable":true,"href":"https:\/\/wingchun-wt.es\/index.php\/wp-json\/wp\/v2\/comments?post=277"}],"version-history":[{"count":43,"href":"https:\/\/wingchun-wt.es\/index.php\/wp-json\/wp\/v2\/pages\/277\/revisions"}],"predecessor-version":[{"id":1426,"href":"https:\/\/wingchun-wt.es\/index.php\/wp-json\/wp\/v2\/pages\/277\/revisions\/1426"}],"wp:attachment":[{"href":"https:\/\/wingchun-wt.es\/index.php\/wp-json\/wp\/v2\/media?parent=277"}],"curies":[{"name":"wp","href":"https:\/\/api.w.org\/{rel}","templated":true}]}}