{"id":294,"date":"2018-10-01T12:58:29","date_gmt":"2018-10-01T12:58:29","guid":{"rendered":"http:\/\/wingchun-wt.es\/?page_id=294"},"modified":"2025-07-17T17:53:03","modified_gmt":"2025-07-17T15:53:03","slug":"historia-de-wing-chun","status":"publish","type":"page","link":"https:\/\/wingchun-wt.es\/index.php\/historia-de-wing-chun\/","title":{"rendered":"Historia de Wing Chun"},"content":{"rendered":"<p>[vc_row css_animation=\u00bb\u00bb row_type=\u00bbrow\u00bb use_row_as_full_screen_section=\u00bbno\u00bb type=\u00bbgrid\u00bb angled_section=\u00bbno\u00bb text_align=\u00bbleft\u00bb background_image_as_pattern=\u00bbwithout_pattern\u00bb z_index=\u00bb\u00bb][vc_column width=\u00bb1\/2&#8243;][vc_column_text css=\u00bb.vc_custom_1538399877149{padding-top: 40px !important;}\u00bb]<\/p>\n<p style=\"text-align: justify;\">El Wing Chun fue fundado al t\u00e9rmino de la <strong>Dinast\u00eda Ming<\/strong>, sobre su origen existen muchas historias y leyendas que han perdurado en el tiempo.<\/p>\n<p style=\"text-align: justify;\">Seg\u00fan el<strong> Gran Maestro Yip Man<\/strong>, el m\u00e1s importante exponente del Wing Chun moderno, este Arte se origin\u00f3 gracias a la <strong>monja Shaolin Ng Mui<\/strong>, que fue una sobreviviente de la destrucci\u00f3n del Templo Shaolin junto a otros cuatro monjes, acusados de revolucionarios pol\u00edticos.<\/p>\n<p style=\"text-align: justify;\">Ng Mui era practicante de Kung Fu y siempre estaba tratando de superarse, era muy observadora y buscaba la real aplicaci\u00f3n de las t\u00e9cnicas. Una leyenda cuenta que, Ng Mui observ\u00f3 el enfrentamiento entre una serpiente y una grulla, qued\u00f3 impresionada con la forma que el ave esquivaba y atacaba a la serpiente, por esta raz\u00f3n decidi\u00f3 <strong>adoptar los movimientos de la grulla e incorporarlos a su arsenal t\u00e9cnico<\/strong>.<\/p>\n<p style=\"text-align: justify;\">En un peque\u00f1o pueblo, conoci\u00f3 a Yim Wing Chun, una joven que trataba de escapar de un matrimonio forzado con un hombre violento, la monja Mui se solidariz\u00f3 con el problema de la joven y le ense\u00f1\u00f3 el nuevo Arte. <strong>Yim Wing Chun enfrent\u00f3 al hombre y lo derrot\u00f3 f\u00e1cilmente<\/strong>. El nuevo Arte era muy pr\u00e1ctico, perfecto para alguien peque\u00f1o y de poco peso, no requer\u00eda fuerza bruta y los movimientos eran continuos, precisos y eficaces.<\/p>\n<p>[\/vc_column_text][\/vc_column][vc_column width=\u00bb1\/2&#8243; css=\u00bb.vc_custom_1538399289797{padding-top: 60px !important;}\u00bb][vc_column_text css=\u00bb.vc_custom_1538399375415{padding-top: 70px !important;padding-right: 50px !important;padding-bottom: 70px !important;padding-left: 50px !important;background-color: #ffffff !important;}\u00bb]<img loading=\"lazy\" decoding=\"async\" class=\"aligncenter wp-image-300 size-full\" src=\"http:\/\/wingchun-wt.es\/wp-content\/uploads\/2018\/10\/Ng-Mui-bW.jpg\" alt=\"\" width=\"200\" height=\"240\" \/>[\/vc_column_text][\/vc_column][\/vc_row][vc_row css_animation=\u00bb\u00bb row_type=\u00bbrow\u00bb use_row_as_full_screen_section=\u00bbno\u00bb type=\u00bbgrid\u00bb angled_section=\u00bbno\u00bb text_align=\u00bbleft\u00bb background_image_as_pattern=\u00bbwithout_pattern\u00bb z_index=\u00bb\u00bb][vc_column width=\u00bb1\/2&#8243;][vc_column_text css=\u00bb.vc_custom_1538399560515{padding-top: 40px !important;padding-right: 50px !important;padding-bottom: 70px !important;padding-left: 50px !important;background-color: #ffffff !important;}\u00bb]<img loading=\"lazy\" decoding=\"async\" class=\"aligncenter wp-image-301 size-full\" src=\"http:\/\/wingchun-wt.es\/wp-content\/uploads\/2018\/10\/gm-ipman.png\" alt=\"\" width=\"850\" height=\"966\" \/>[\/vc_column_text][\/vc_column][vc_column width=\u00bb1\/2&#8243;][vc_column_text css=\u00bb.vc_custom_1538400025231{padding-top: 40px !important;}\u00bb]<\/p>\n<p style=\"text-align: justify;\">Como era tradicional en el Kung Fu, <strong>Yim Wing Chun ense\u00f1\u00f3 el Arte a sus hijos<\/strong> que, en su honor lo denominaron Wing Chun, que se traduce como Hermosa Primavera. El Arte <strong>se manten\u00eda en secreto<\/strong> y solamente los miembros de la familia ten\u00edan acceso a \u00e9l, el primer alumno de Yim fue su marido, Leung Bok Tao.<\/p>\n<p style=\"text-align: justify;\">Leung era practicante de otros Estilos de Kung Fu, pero reconoc\u00eda que el Wing Chun era diferente a todo lo que hab\u00eda aprendido, su primer alumno fue Wong Wah Po y el Wing Chun continu\u00f3 su difusi\u00f3n hasta llegar a Chan Wah Sun, que a<strong>cept\u00f3 como \u00faltimo disc\u00edpulo a Yip Man<\/strong>.<\/p>\n<p style=\"text-align: justify;\">Chan Wah Sun falleci\u00f3 muy joven, por lo que Yip Man no complet\u00f3 sus estudios de Wing Chun. Pero por obra del destino conoci\u00f3 a <strong>Leung Bik<\/strong>, que era un respetado Maestro de Wing Chun, Yip Man lo desafi\u00f3 y perdi\u00f3 frente a Leung Bik.<\/p>\n<p style=\"text-align: justify;\">Yip Man estaba acostumbrado a ganar combates, pero Leung Bik lo humill\u00f3, sin ning\u00fan esfuerzo lo derrot\u00f3 y le demostr\u00f3 que su Wing Chun era superior. Yip Man abatido, le pidi\u00f3 que le ense\u00f1ara, Bik lo rechaz\u00f3.<br \/>\nPero Yip Man era perseverante y continu\u00f3 insistiendo hasta que Bik accedi\u00f3 a ense\u00f1arle lo que hab\u00eda aprendido de su padre Leung Jon.<\/p>\n<p style=\"text-align: justify;\">Bik era un hombre peque\u00f1o, por lo que no usaba los m\u00fasculos para derrotar a sus adversarios, su Wing Chun era m\u00e1s suave, pero muy efectivo.<br \/>\n<strong>Yip Man aprend\u00eda r\u00e1pido, no cuestionaba las ense\u00f1anzas de Bik e incorporaba los conocimientos sin dejar de lado las ense\u00f1anzas de Wah.<\/strong><\/p>\n<p style=\"text-align: justify;\">Despu\u00e9s de algunos a\u00f1os, Yip Man comenz\u00f3 a impartir clases en Hong Kong, ten\u00eda muchos alumnos debido a su reputaci\u00f3n como artista marcial y maestro, tiempo despu\u00e9s volvi\u00f3 a China y trabaj\u00f3 como polic\u00eda y entren\u00f3 a oficiales en defensa personal.<\/p>\n<p>[\/vc_column_text][\/vc_column][\/vc_row][vc_row row_type=\u00bbparallax\u00bb parallax_content_width=\u00bbfull_width\u00bb text_align=\u00bbleft\u00bb full_screen_section_height=\u00bbno\u00bb background_image=\u00bb672&#8243; section_height=\u00bb500&#8243;][vc_column offset=\u00bbvc_hidden-sm vc_hidden-xs\u00bb][\/vc_column][\/vc_row][vc_row css_animation=\u00bb\u00bb row_type=\u00bbrow\u00bb use_row_as_full_screen_section=\u00bbno\u00bb type=\u00bbfull_width\u00bb angled_section=\u00bbno\u00bb text_align=\u00bbleft\u00bb background_image_as_pattern=\u00bbwithout_pattern\u00bb background_image=\u00bb672&#8243; z_index=\u00bb\u00bb][vc_column offset=\u00bbvc_hidden-lg vc_hidden-md\u00bb][\/vc_column][\/vc_row][vc_row css_animation=\u00bb\u00bb row_type=\u00bbrow\u00bb use_row_as_full_screen_section=\u00bbno\u00bb type=\u00bbgrid\u00bb angled_section=\u00bbno\u00bb text_align=\u00bbleft\u00bb background_image_as_pattern=\u00bbwithout_pattern\u00bb css=\u00bb.vc_custom_1540160885011{padding-top: 45px !important;padding-bottom: 45px !important;}\u00bb z_index=\u00bb\u00bb][vc_column width=\u00bb1\/6&#8243;][\/vc_column][vc_column width=\u00bb2\/3&#8243;][vc_column_text]<\/p>\n<p style=\"text-align: justify;\">Despu\u00e9s volvi\u00f3 a Hong Kong, abandon\u00f3 su trabajo como polic\u00eda y comenz\u00f3 a dar clases de Wing Chun. Era <strong>muy estricto en sus ense\u00f1anzas<\/strong>, y ten\u00eda reglas que deb\u00edan ser respetadas sin cuestionamientos, por ejemplo <strong>no ense\u00f1aba a mujeres<\/strong> (a\u00fan sabiendo que dos mujeres eran las creadoras del Wing Chun), tampoco ense\u00f1aba a extranjeros, ni a ni\u00f1os. Si por alguna raz\u00f3n expulsaba a un estudiante, jam\u00e1s cambiaba de opini\u00f3n.<\/p>\n<p>El Wing Chun es un<strong> Arte distinto<\/strong>, de aplicaci\u00f3n real donde<strong> no hay t\u00e9cnicas preestablecidas<\/strong> para una situaci\u00f3n determinada, lo importante es adaptarse al adversario, hacer de su t\u00e9cnica la propia, sin planificar nada. Estos conceptos que envuelven la <strong>fluidez y no-t\u00e9cnica<\/strong> nos recuerdan al alumno m\u00e1s conocido de Yip Man, a Bruce Lee.<\/p>\n<p><strong>Bruce Lee se inici\u00f3 en las Artes Marciales de la mano de Yip Man, en el Wing Chun, Arte que fue la base de la creaci\u00f3n del Jeet Kune Do.<\/strong><\/p>\n<p><strong>Bruce Lee no fue el alumno m\u00e1s avanzado de Yip Man<\/strong>, ni tampoco se destacaba por encima de los dem\u00e1s, pero su genialidad y capacidad de asimilaci\u00f3n de t\u00e9cnicas y conceptos lo convirtieron en el fen\u00f3meno marcial del siglo XX. <strong>Yip Man fue el \u00fanico Maestro que tuvo Bruce Lee<\/strong>, por eso siempre lo respet\u00f3 y admir\u00f3 por su gran habilidad.<\/p>\n<p>Yip Man, al final de su vida conservaba una <strong>velocidad incre\u00edble y su t\u00e9cnica era impecable<\/strong>. A pesar de su corta estatura y poco peso, era capaz de generar gran potencia y desplazarse con fluidez, se anticipaba a los movimientos del oponente, <em><strong>Yip Man no hac\u00eda Wing Chun, era Wing Chun<\/strong><\/em>.<\/p>\n<p>Despu\u00e9s de su muerte, sus alumnos, que fueron muchos; se encargaron de expandir el Wing Chun y convertirlo en uno de los <strong>Estilos de Kung Fu m\u00e1s practicados<\/strong>.<\/p>\n<pre><em>Fuente\u00a0http:\/\/es.wikipedia.org\/wiki\/Wing_Tsun<\/em><\/pre>\n<p>[\/vc_column_text][\/vc_column][vc_column width=\u00bb1\/6&#8243;][\/vc_column][\/vc_row][vc_row css_animation=\u00bb\u00bb row_type=\u00bbrow\u00bb use_row_as_full_screen_section=\u00bbno\u00bb type=\u00bbfull_width\u00bb angled_section=\u00bbno\u00bb text_align=\u00bbleft\u00bb background_image_as_pattern=\u00bbwithout_pattern\u00bb][vc_column][vc_gallery type=\u00bbimage_grid\u00bb images=\u00bb303,304,305&#8243; column_number=\u00bb3&#8243; grayscale=\u00bbyes\u00bb images_space=\u00bbgallery_without_space\u00bb][\/vc_column][\/vc_row]<\/p>\n","protected":false},"excerpt":{"rendered":"<p>[vc_row css_animation=\u00bb\u00bb row_type=\u00bbrow\u00bb use_row_as_full_screen_section=\u00bbno\u00bb type=\u00bbgrid\u00bb angled_section=\u00bbno\u00bb text_align=\u00bbleft\u00bb background_image_as_pattern=\u00bbwithout_pattern\u00bb z_index=\u00bb\u00bb][vc_column width=\u00bb1\/2&#8243;][vc_column_text css=\u00bb.vc_custom_1538399877149{padding-top: 40px !important;}\u00bb] El Wing Chun fue fundado al t\u00e9rmino de la Dinast\u00eda Ming, sobre su origen existen muchas historias y leyendas que han perdurado en el tiempo. Seg\u00fan el Gran Maestro Yip Man, el&#8230;<\/p>\n","protected":false},"author":1,"featured_media":0,"parent":0,"menu_order":0,"comment_status":"closed","ping_status":"closed","template":"full_width.php","meta":{"_monsterinsights_skip_tracking":false,"_monsterinsights_sitenote_active":false,"_monsterinsights_sitenote_note":"","_monsterinsights_sitenote_category":0,"footnotes":""},"class_list":["post-294","page","type-page","status-publish","hentry"],"post_mailing_queue_ids":[],"_links":{"self":[{"href":"https:\/\/wingchun-wt.es\/index.php\/wp-json\/wp\/v2\/pages\/294","targetHints":{"allow":["GET"]}}],"collection":[{"href":"https:\/\/wingchun-wt.es\/index.php\/wp-json\/wp\/v2\/pages"}],"about":[{"href":"https:\/\/wingchun-wt.es\/index.php\/wp-json\/wp\/v2\/types\/page"}],"author":[{"embeddable":true,"href":"https:\/\/wingchun-wt.es\/index.php\/wp-json\/wp\/v2\/users\/1"}],"replies":[{"embeddable":true,"href":"https:\/\/wingchun-wt.es\/index.php\/wp-json\/wp\/v2\/comments?post=294"}],"version-history":[{"count":2,"href":"https:\/\/wingchun-wt.es\/index.php\/wp-json\/wp\/v2\/pages\/294\/revisions"}],"predecessor-version":[{"id":1436,"href":"https:\/\/wingchun-wt.es\/index.php\/wp-json\/wp\/v2\/pages\/294\/revisions\/1436"}],"wp:attachment":[{"href":"https:\/\/wingchun-wt.es\/index.php\/wp-json\/wp\/v2\/media?parent=294"}],"curies":[{"name":"wp","href":"https:\/\/api.w.org\/{rel}","templated":true}]}}