{"id":309,"date":"2018-10-01T13:32:45","date_gmt":"2018-10-01T13:32:45","guid":{"rendered":"http:\/\/wingchun-wt.es\/?page_id=309"},"modified":"2018-10-01T13:32:45","modified_gmt":"2018-10-01T13:32:45","slug":"vocabulario-wing-chun","status":"publish","type":"page","link":"https:\/\/wingchun-wt.es\/index.php\/vocabulario-wing-chun\/","title":{"rendered":"Vocabulario Wing Chun"},"content":{"rendered":"<p>[vc_row css_animation=\u00bb\u00bb row_type=\u00bbrow\u00bb use_row_as_full_screen_section=\u00bbno\u00bb type=\u00bbfull_width\u00bb angled_section=\u00bbno\u00bb text_align=\u00bbleft\u00bb background_image_as_pattern=\u00bbwithout_pattern\u00bb css=\u00bb.vc_custom_1538400744805{padding-top: 50px !important;padding-bottom: 50px !important;}\u00bb z_index=\u00bb\u00bb][vc_column][vc_column_text]<\/p>\n<h2 style=\"text-align: center;\">AQU\u00cd TE DEJO TODO LO QUE QUER\u00cdAS SABER<\/h2>\n<p>[\/vc_column_text][\/vc_column][\/vc_row][vc_row css_animation=\u00bb\u00bb row_type=\u00bbrow\u00bb use_row_as_full_screen_section=\u00bbno\u00bb type=\u00bbfull_width\u00bb angled_section=\u00bbno\u00bb text_align=\u00bbleft\u00bb background_image_as_pattern=\u00bbwithout_pattern\u00bb][vc_column width=\u00bb1\/2&#8243;][vc_column_text css=\u00bb.vc_custom_1540551028896{padding-top: 70px !important;padding-right: 50px !important;padding-bottom: 70px !important;padding-left: 50px !important;background-color: #a50000 !important;}\u00bb]<\/p>\n<p style=\"text-align: justify;\"><span style=\"color: #ffffff;\">Aqu\u00ed os dejo algunos t\u00e9rminos son usados en la familia del Wing Chun, durante el entrenamiento y fuera de clases tambi\u00e9n. Estos t\u00e9rminos no est\u00e1n relacionados a su edad biol\u00f3gica, sino al tiempo desde el cual usted se uni\u00f3 a la organizaci\u00f3n.<\/span><\/p>\n<p style=\"text-align: justify;\"><span style=\"color: #ffffff;\">Por ejemplo, el t\u00edtulo Si-Hing (hermano mayor en kung fu) es utilizado cuando se dirige a un instructor que no es su Si-Fu. Si su instructor es un hermano menor de su Si-Fu, se dirige a \u00e9l como su Si-Suk. Todos los t\u00e9rminos son parte de un linaje directo.<\/span><\/p>\n<p style=\"text-align: justify;\"><span style=\"color: #ffffff;\"><strong>El uso de estos t\u00e9rminos no son un acto religioso, sino una tradici\u00f3n asi\u00e1tica que muestra el conocimiento y agradecimiento por el hecho que el Wing Chun ha sido ense\u00f1ado durante siglos por individuos que forman parte de una estructura familiar.<\/strong><\/span><\/p>\n<p><span style=\"color: #ffffff;\">To-Dai: Estudiante \/ disc\u00edpulo.<\/span><\/p>\n<p><span style=\"color: #ffffff;\">Si-Dai: Hermano menor, todos los estudiantes (masculinos) que iniciaron clases despu\u00e9s de usted.<\/span><\/p>\n<p><span style=\"color: #ffffff;\">Si-Mui: Hermana menor, todas las estudiantes que iniciaron clases despu\u00e9s de usted.<\/span><\/p>\n<p><span style=\"color: #ffffff;\">Si-Je: Hermana mayor, todas las estudiantes que iniciaron clases antes que usted.<\/span><\/p>\n<p><span style=\"color: #ffffff;\">Si-Hing: Hermano Mayor, todos los estudiantes (masculinos) que iniciaro clases antes que usted.<\/span><\/p>\n<p><span style=\"color: #ffffff;\">Si-Suk: T\u00edo, Hermano menor de su Si-Fu, su Si-Fu es el Si-Hing, su hermano mayor.<\/span><\/p>\n<p><span style=\"color: #ffffff;\">Si-Pak: T\u00edo, Hermano mayor de su Si-Fu, el Si-Hing de su Si-Fu.<\/span><\/p>\n<p><span style=\"color: #ffffff;\">Si-Fu: Maestro \/ padre.<\/span><\/p>\n<p><span style=\"color: #ffffff;\">Si-Mo: Esposa de Si-Fu \/ Si-Gung.<\/span><\/p>\n<p><span style=\"color: #ffffff;\">Si-Gung: Si-Fu de Si-Fu \/ Abuelo.<\/span><\/p>\n<p><span style=\"color: #ffffff;\">Si-Jo: Si-Fu de Si-Gung \/ Bisabuelo.<\/span><\/p>\n<p><span style=\"color: #ffffff;\">To-Suen: Nieto.<\/span>[\/vc_column_text][\/vc_column][vc_column width=\u00bb1\/2&#8243;][vc_column_text css=\u00bb.vc_custom_1540551347731{padding-top: 70px !important;padding-right: 50px !important;padding-bottom: 70px !important;padding-left: 50px !important;background-color: #2d2d2d !important;}\u00bb]<\/p>\n<h3><span style=\"color: #ffffff;\"><em>TRADUCCION DE T\u00c9RMINOS<\/em><\/span><\/h3>\n<p><span style=\"color: #ffffff;\">Siu Nim Tau: Primera idea (1\u00aa Forma)<\/span><\/p>\n<p><span style=\"color: #ffffff;\">Chum Kiu: Buscando puentes\u00a0 (2\u00aa Forma)<\/span><\/p>\n<p><span style=\"color: #ffffff;\">Biu Tze: Dedos penetrantes (3\u00aa Forma)<\/span><\/p>\n<p><span style=\"color: #ffffff;\">Muk Yan Chong Fa: Forma del Mu\u00f1eco de madera<\/span><\/p>\n<p><span style=\"color: #ffffff;\">Luk Dim Boon Gwun: Forma del palo largo<\/span><\/p>\n<p><span style=\"color: #ffffff;\">Bart Cham Do: Forma de los cuchillos mariposa<\/span><\/p>\n<p><span style=\"color: #ffffff;\">Tan sau: Brazo con palma hacia arriba<\/span><\/p>\n<p><span style=\"color: #ffffff;\">Fook sau: Brazo puente<\/span><\/p>\n<p><span style=\"color: #ffffff;\">Bong sau: Brazo ala<\/span><\/p>\n<p><span style=\"color: #ffffff;\">Gaun sau: Golpe agudo<\/span><\/p>\n<p><span style=\"color: #ffffff;\">Kwun sau: Combinaci\u00f3n Bong Sao y Tan sao<\/span><\/p>\n<p><span style=\"color: #ffffff;\">Yat chi chung kuen: Pu\u00f1etazo recto<\/span><\/p>\n<p><span style=\"color: #ffffff;\">Huen sau: Giro de mu\u00f1eca<\/span><\/p>\n<p><span style=\"color: #ffffff;\">Gum sau: Golpe hacia abajo con palma<\/span><\/p>\n<p><span style=\"color: #ffffff;\">Man sau: Brazo inquisitorio<\/span><\/p>\n<p><span style=\"color: #ffffff;\">Wu sau: Brazo protector<\/span><\/p>\n<p><span style=\"color: #ffffff;\">Lan sau: Brazo angulo recto\u00a0<\/span><\/p>\n<p><span style=\"color: #ffffff;\">Dan chi sau: Un brazo pegajoso<\/span><\/p>\n<p><span style=\"color: #ffffff;\">Sheung chi sau: Dos brazos pegajosos<\/span><\/p>\n<p><span style=\"color: #ffffff;\">Chi sau: Brazos pegajosos<\/span><\/p>\n<p><span style=\"color: #ffffff;\">Kuo sau: Combate con Chi sau<\/span><\/p>\n<p><span style=\"color: #ffffff;\">Nuk sau: Combate libre<\/span><\/p>\n<p><span style=\"color: #ffffff;\">Pak sau: Control con palma de mano<\/span><\/p>\n<p><span style=\"color: #ffffff;\">Fak sau: Golpe con canto de mano<\/span><\/p>\n<p><span style=\"color: #ffffff;\">Jum sau: Codo hundido<\/span><\/p>\n<p><span style=\"color: #ffffff;\">Jut sau: deshacer agarres<\/span><\/p>\n<p><span style=\"color: #ffffff;\">Biu tze sau: dedos penetrantes<\/span><\/p>\n<p><span style=\"color: #ffffff;\">Tie sau: Brazos ascendentes<\/span><\/p>\n<p><span style=\"color: #ffffff;\">Gwat sau: movimiento circular del brazo<\/span><\/p>\n<p><span style=\"color: #ffffff;\">Lau sau: Movimiento de Gaun Sau a Tan sau alto.<\/span><\/p>\n<p><span style=\"color: #ffffff;\">Tut sau: Golpe con canto de mano<\/span><\/p>\n<p><span style=\"color: #ffffff;\">Lap sau: Combinaci\u00f3n Bong sau con fook Sau<\/span><\/p>\n<p><span style=\"color: #ffffff;\">Kau sau: Palanca interior<\/span>[\/vc_column_text][\/vc_column][\/vc_row][vc_row css_animation=\u00bb\u00bb row_type=\u00bbrow\u00bb use_row_as_full_screen_section=\u00bbno\u00bb type=\u00bbfull_width\u00bb angled_section=\u00bbno\u00bb text_align=\u00bbleft\u00bb background_image_as_pattern=\u00bbwithout_pattern\u00bb][vc_column][vc_empty_space][\/vc_column][\/vc_row]<\/p>\n","protected":false},"excerpt":{"rendered":"<p>[vc_row css_animation=\u00bb\u00bb row_type=\u00bbrow\u00bb use_row_as_full_screen_section=\u00bbno\u00bb type=\u00bbfull_width\u00bb angled_section=\u00bbno\u00bb text_align=\u00bbleft\u00bb background_image_as_pattern=\u00bbwithout_pattern\u00bb css=\u00bb.vc_custom_1538400744805{padding-top: 50px !important;padding-bottom: 50px !important;}\u00bb z_index=\u00bb\u00bb][vc_column][vc_column_text] AQU\u00cd TE DEJO TODO LO QUE QUER\u00cdAS SABER [\/vc_column_text][\/vc_column][\/vc_row][vc_row css_animation=\u00bb\u00bb row_type=\u00bbrow\u00bb use_row_as_full_screen_section=\u00bbno\u00bb type=\u00bbfull_width\u00bb angled_section=\u00bbno\u00bb text_align=\u00bbleft\u00bb background_image_as_pattern=\u00bbwithout_pattern\u00bb][vc_column width=\u00bb1\/2&#8243;][vc_column_text css=\u00bb.vc_custom_1540551028896{padding-top: 70px !important;padding-right: 50px !important;padding-bottom: 70px !important;padding-left: 50px !important;background-color: #a50000 !important;}\u00bb] Aqu\u00ed os dejo&#8230;<\/p>\n","protected":false},"author":1,"featured_media":0,"parent":0,"menu_order":0,"comment_status":"closed","ping_status":"closed","template":"","meta":{"_monsterinsights_skip_tracking":false,"_monsterinsights_sitenote_active":false,"_monsterinsights_sitenote_note":"","_monsterinsights_sitenote_category":0,"footnotes":""},"class_list":["post-309","page","type-page","status-publish","hentry"],"post_mailing_queue_ids":[],"_links":{"self":[{"href":"https:\/\/wingchun-wt.es\/index.php\/wp-json\/wp\/v2\/pages\/309","targetHints":{"allow":["GET"]}}],"collection":[{"href":"https:\/\/wingchun-wt.es\/index.php\/wp-json\/wp\/v2\/pages"}],"about":[{"href":"https:\/\/wingchun-wt.es\/index.php\/wp-json\/wp\/v2\/types\/page"}],"author":[{"embeddable":true,"href":"https:\/\/wingchun-wt.es\/index.php\/wp-json\/wp\/v2\/users\/1"}],"replies":[{"embeddable":true,"href":"https:\/\/wingchun-wt.es\/index.php\/wp-json\/wp\/v2\/comments?post=309"}],"version-history":[{"count":0,"href":"https:\/\/wingchun-wt.es\/index.php\/wp-json\/wp\/v2\/pages\/309\/revisions"}],"wp:attachment":[{"href":"https:\/\/wingchun-wt.es\/index.php\/wp-json\/wp\/v2\/media?parent=309"}],"curies":[{"name":"wp","href":"https:\/\/api.w.org\/{rel}","templated":true}]}}