{"id":351,"date":"2018-10-21T22:16:04","date_gmt":"2018-10-21T22:16:04","guid":{"rendered":"http:\/\/wingchun-wt.es\/?page_id=351"},"modified":"2025-09-22T09:52:58","modified_gmt":"2025-09-22T07:52:58","slug":"sifu-jose-c-casimiro","status":"publish","type":"page","link":"https:\/\/wingchun-wt.es\/index.php\/sifu-jose-c-casimiro\/","title":{"rendered":"Curr\u00edculum"},"content":{"rendered":"<p>[vc_row css_animation=\u00bb\u00bb row_type=\u00bbrow\u00bb use_row_as_full_screen_section=\u00bbno\u00bb type=\u00bbfull_width\u00bb angled_section=\u00bbno\u00bb text_align=\u00bbleft\u00bb background_image_as_pattern=\u00bbwithout_pattern\u00bb css=\u00bb.vc_custom_1538400744805{padding-top: 50px !important;padding-bottom: 50px !important;}\u00bb z_index=\u00bb\u00bb][vc_column][vc_column_text]<\/p>\n<h2 style=\"text-align: center;\">TRAYECTORIA PROFESIONAL<\/h2>\n<p>[\/vc_column_text][\/vc_column][\/vc_row][vc_row css_animation=\u00bb\u00bb row_type=\u00bbrow\u00bb use_row_as_full_screen_section=\u00bbno\u00bb type=\u00bbfull_width\u00bb angled_section=\u00bbno\u00bb text_align=\u00bbleft\u00bb background_image_as_pattern=\u00bbwithout_pattern\u00bb][vc_column width=\u00bb1\/2&#8243;][vc_column_text css=\u00bb.vc_custom_1705396445044{padding-top: 70px !important;padding-right: 50px !important;padding-bottom: 70px !important;padding-left: 50px !important;background-color: #a50000 !important;}\u00bb]<\/p>\n<ul class=\"ul1\">\n<li class=\"li1\"><span style=\"color: #ffffff;\">Maestro de Wing Chun &#8211; Martial Alliance y disciplinas chinas. n\u00ba 20-0003 Federaci\u00f3n Madrile\u00f1a de Lucha (F.M.L)<\/span><\/li>\n<li class=\"li1\"><span style=\"color: #ffffff;\">Entrenador Nacional Wing Chun III Nivel. n\u00ba 40019\/16<span class=\"Apple-converted-space\">\u00a0 <\/span>con Federaci\u00f3n Espa\u00f1ola de luchas Ol\u00edmpicas<span class=\"Apple-converted-space\">\u00a0 <\/span>y Disciplinas Asociadas ( FELODA )<\/span><\/li>\n<li class=\"li1\"><span style=\"color: #ffffff;\">Entrenado Nacional III Nivel. Defensa Personal Policial. Federaci\u00f3n Espa\u00f1ola Unificada de Artes Marciales<span class=\"Apple-converted-space\">\u00a0 <\/span>( FEUAM )<\/span><\/li>\n<li class=\"li1\"><span style=\"color: #ffffff;\">Instructor de Defensa Personal Policial y Preparaci\u00f3n F\u00edsica. Acreditado por el Ministerio del Interior N\u00aa 14441<\/span><\/li>\n<li class=\"li1\"><span style=\"color: #ffffff;\">Cintur\u00f3n Negro 8\u00ba Dan Wing Chun n\u00ba 20-0001 F.M.L<\/span><\/li>\n<li class=\"li1\"><span style=\"color: #ffffff;\">Cintur\u00f3n Negro 5\u00ba Dan Wing Chun n\u00ba 40130\/15 FELODA<\/span><\/li>\n<li class=\"li1\"><span style=\"color: #ffffff;\">Cintur\u00f3n Negro 5\u00ba Dan Defensa Personal Operativa Policial por la FEUAM con n\u00ba DPOP 77<span class=\"Apple-converted-space\">\u00a0<\/span><\/span><\/li>\n<li class=\"li1\"><span style=\"color: #ffffff;\">Cintur\u00f3n Negro 4\u00ba Dan Defensa Policial<span class=\"Apple-converted-space\">\u00a0 <\/span>&#8211; Asociaci\u00f3n Defensa Personal Costablanca.<span class=\"Apple-converted-space\">\u00a0 <\/span>( ADPC )<\/span><\/li>\n<li class=\"li1\"><span style=\"color: #ffffff;\">Cintur\u00f3n Negro 4 \u00ba Dan Defensa Personal Penitenciaria.<span class=\"Apple-converted-space\">\u00a0<\/span><\/span><\/li>\n<li class=\"li1\"><span style=\"color: #ffffff;\">Cintur\u00f3n Negro 4\u00ba Dan Sha Soo Doo Jitsu Ryu &#8211;<span class=\"Apple-converted-space\">\u00a0 <\/span>American Temple Training Union<span class=\"Apple-converted-space\">\u00a0 <\/span>ATTU<span class=\"Apple-converted-space\">\u00a0 <\/span>Reg. n\u00ba 2010101869.<\/span><\/li>\n<li class=\"li1\"><span style=\"color: #ffffff;\">Cintur\u00f3n Negro 6\u00ba Dan &#8211; Defensa Policial Operativa (Creador del Sistema).<\/span><\/li>\n<li class=\"li1\"><span style=\"color: #ffffff;\">Cintur\u00f3n Negro<span class=\"Apple-converted-space\">\u00a0 <\/span>4\u00ba Dan Ninkido Jutsu con Reg.NKD-WKZ-A10\/0054SP<\/span><\/li>\n<li class=\"li1\"><span style=\"color: #ffffff;\">Instructor Ninkido PDT. Police Defense Tactical con Reg.N\u00ba NKD-ATTU\/001-AL<\/span><\/li>\n<li class=\"li1\"><span style=\"color: #ffffff;\">Cintur\u00f3n Negro 1\u00ba Dan Kali &#8211; Eskrima FELODA n\u00ba 50005\/14<\/span><\/li>\n<li class=\"li1\"><span style=\"color: #ffffff;\">Cintur\u00f3n Negro 1\u00baDan Jeet Kune Do n\u00ba 440003\/18 &#8211; FELODA<span class=\"Apple-converted-space\">\u00a0<\/span><\/span><\/li>\n<li class=\"li1\"><span style=\"color: #ffffff;\">Cintur\u00f3n Negro 1\u00ba Dan Sac Jutsu n\u00ba reg. DP48 &#8211; FEUAM<\/span><\/li>\n<li class=\"li1\"><span style=\"color: #ffffff;\">Cintur\u00f3n Negro 2\u00ba Dan Sac Jutsu. FEUAM<\/span><\/li>\n<li class=\"li1\"><span style=\"color: #ffffff;\">Instructor de Sac Jutsu. &#8211; FEUAM<span class=\"Apple-converted-space\">\u00a0<\/span><\/span><\/li>\n<li class=\"li1\"><span style=\"color: #ffffff;\">Cintur\u00f3n Negro 1\u00ba Dan Kyusho Jitsu &#8211; World Alliance e Instructor de Kyusho con n\u00bareg. CN. 1-070718-001.<span class=\"Apple-converted-space\">\u00a0<\/span><\/span><\/li>\n<li class=\"li1\"><span style=\"color: #ffffff;\">Cintur\u00f3n Negro 2\u00ba Dan Kyusho Jitsu. Kyusho Jitsu World Alliance.<\/span><\/li>\n<li class=\"li1\"><span style=\"color: #ffffff;\">Cintur\u00f3nNegro de Sambo 1\u00baDan. N\u00ba CN-386<span class=\"Apple-converted-space\">\u00a0 <\/span>&#8211; FELODA.<\/span><\/li>\n<li class=\"li1\"><span style=\"color: #ffffff;\">Cintur\u00f3n Negro de Full-Contac<span class=\"Apple-converted-space\">\u00a0 <\/span>Kick Boxing 1\u00ba Dan<span class=\"Apple-converted-space\">\u00a0 <\/span>N\u00ba CN 43-05 Federaci\u00f3n Kick Boxing Comunidad Valenciana FKBCV.<\/span><\/li>\n<li class=\"li1\"><span style=\"color: #ffffff;\">Arbitro de Full-Contac Kick Boxing &#8211; FKBCV.<\/span><\/li>\n<li class=\"li1\"><span style=\"color: #ffffff;\">Arbitro Juez Nacional Escrima \/ Kali &#8211; FELODA<\/span><\/li>\n<li class=\"li1\"><span style=\"color: #ffffff;\">Monitor\u00a0Jun Fan Gung Fu &#8211; Jeet Kune Do.<\/span><\/li>\n<li class=\"li1\"><span style=\"color: #ffffff;\">Branch MKG &#8211; Kali, Panantukan, Silat, Jeet Kune Do.<\/span><\/li>\n<li class=\"li1\"><span style=\"color: #ffffff;\">Sigung \/ Sifu Wing<span class=\"Apple-converted-space\">\u00a0 <\/span>Chun Kung Fu.<span class=\"Apple-converted-space\">\u00a0<\/span><\/span><\/li>\n<li class=\"li1\"><span style=\"color: #ffffff;\">Monitor Musculaci\u00f3n -1994. Escuela Nacional de Entrenadores de Fisicoculturismo y Musculaci\u00f3n. Federaci\u00f3n Espa\u00f1ola de Halterofilia y Fisicoculturismo &#8211; FEHF.<\/span><\/li>\n<li class=\"li1\"><span style=\"color: #ffffff;\">Formador de Formadores 18\/08\/2011.<\/span><\/li>\n<li class=\"li1\"><span style=\"color: #ffffff;\">Especialista en Protecci\u00f3n Contra la Violencia de G\u00e9nero. n\u00ba 12018\/06 Federaci\u00f3n Espa\u00f1ola de Lucha. &#8211; FEL<\/span><\/li>\n<li class=\"li1\"><span style=\"color: #ffffff;\">Especialista en Defensa Personal Policial de Personalidades n\u00ba 7015\/07<span class=\"Apple-converted-space\">\u00a0 <\/span>&#8211; FEL<\/span><\/li>\n<li class=\"li1\"><span style=\"color: #ffffff;\">Delegado de<span class=\"Apple-converted-space\">\u00a0 <\/span>IKA KUBOTAN para Alicante.<\/span><\/li>\n<\/ul>\n<p>[\/vc_column_text][\/vc_column][vc_column width=\u00bb1\/2&#8243;][vc_column_text css=\u00bb.vc_custom_1758527575494{padding-top: 70px !important;padding-right: 50px !important;padding-bottom: 70px !important;padding-left: 50px !important;background-color: #2d2d2d !important;}\u00bb]<\/p>\n<ul>\n<li class=\"li1\"><span style=\"color: #ffffff;\">Instructor homologado por el IVASP.<\/span><\/li>\n<li class=\"li1\"><span style=\"color: #ffffff;\">Diversos cursos de Defensa Personal Policial y protecci\u00f3n autoridades. FEL.<\/span><\/li>\n<li class=\"li1\"><span style=\"color: #ffffff;\">Diversos cursos homologados por FEL. Federaci\u00f3n espa\u00f1ola de lucha (defensa policial, combate cuerpo a cuerpo, Kobudo policial, bast\u00f3n.)<\/span><\/li>\n<li class=\"li1\"><span style=\"color: #ffffff;\">Curso Iniciaci\u00f3n Perito Judicial. 2013.<\/span><\/li>\n<li class=\"li1\"><span style=\"color: #ffffff;\">Curso de Nutrici\u00f3n Deportiva. Tago Centro de Estudios. 120h. 2014.<\/span><\/li>\n<li class=\"li1\"><span style=\"color: #ffffff;\">Instructor Formador en Curso formativo de intervenci\u00f3n en crisis. Retenci\u00f3n de Pacientes con conductas disruptivas. Centro Penitenciario Fontcalent. 2015.<\/span><\/li>\n<li class=\"li1\"><span style=\"color: #ffffff;\">Curso de Nutrici\u00f3n Deportiva Market Centro de Estudios<span class=\"Apple-converted-space\">\u00a0 <\/span>120h. 2016.<\/span><\/li>\n<li class=\"li1\"><span style=\"color: #ffffff;\">Personal Trainer. Market Centro de Estudios 30 h. 2016.<\/span><\/li>\n<li class=\"li1\"><span style=\"color: #ffffff;\">Gesti\u00f3n de Instalaciones Deportivas. ADGD121PO. Konectia. 29\/06\/2021.<span class=\"Apple-converted-space\">\u00a0<\/span><\/span><\/li>\n<li class=\"li1\"><span style=\"color: #ffffff;\">Nutrici\u00f3n y Diet\u00e9tica. n\u00ba expediente FFS15\/2022\/56\/5\/2. Labora Servei Valenci\u00e0 D\u00b4ocupaci\u00f3 i Formaci\u00f3. 110h. 2\/05\/ 2023.<\/span><\/li>\n<li class=\"li1\"><span style=\"color: #ffffff;\">Actividad F\u00edsica para Colectivos Especiales y Tercera Edad. n\u00ba expediente F220345AA. 100h. 16\/06\/ 2023.<\/span><\/li>\n<li class=\"li1\"><span style=\"color: #ffffff;\">Salud y Alimentos Funcionales. expediente F220878AA. Konectica. 150 h. 17\/10\/2023<span class=\"Apple-converted-space\">\u00a0<\/span><\/span><\/li>\n<li class=\"li1\"><span style=\"color: #ffffff;\">Actividades de entrenamiento con nuevos materiales y plataformas inestables en el entrenamiento (AFDA015PO) Aspasia. 40h. 27\/11\/2023.<\/span><\/li>\n<li class=\"li1\"><span style=\"color: #ffffff;\">Practicante de Judo.<span class=\"Apple-converted-space\">\u00a0<\/span><\/span><\/li>\n<li class=\"li1\"><span style=\"color: #ffffff;\">Practicante de Brasilian Jiu Jitsu. Cintur\u00f3n Azul.<\/span><\/li>\n<li class=\"li1\"><span style=\"color: #ffffff;\">Practicante de Boxeo.<\/span><\/li>\n<li class=\"li1\"><span style=\"color: #ffffff;\">Tiro Ol\u00edmpico.<span class=\"Apple-converted-space\">\u00a0<\/span><\/span><\/li>\n<li class=\"li1\"><span style=\"color: #ffffff;\">Curso IPSC de recorrido de tiro.<\/span><\/li>\n<li class=\"li1\"><span style=\"color: #ffffff;\">ExReservista Voluntario del Ej\u00e9rcito espa\u00f1ol. Destinado en Rabasa. (instructor de G.O.E\u00b4S)<span class=\"Apple-converted-space\">\u00a0 <\/span>en la Unidad de Seguridad.<\/span><\/li>\n<li class=\"li1\"><span style=\"color: #ffffff;\">Preparador f\u00edsico.<\/span><\/li>\n<li class=\"li1\"><span style=\"color: #ffffff;\">Vigilante de Seguridad &#8211; OASI Centro de Formaci\u00f3n n\u00ba 00\/1038<\/span><\/li>\n<li class=\"li1\"><span style=\"color: #ffffff;\">Escolta Privado &#8211; OASI Centro de Formaci\u00f3n n\u00ba 00\/1046<\/span><\/li>\n<li class=\"li1\"><span style=\"color: #ffffff;\">Protecci\u00f3n a V\u00edctimas de Violencia de G\u00e9nero &#8211; OASI Centro de Formaci\u00f3n n\u00ba 00\/1081<\/span><\/li>\n<li class=\"li1\"><span style=\"color: #ffffff;\">Autor del libro: D\u00e9cima Secci\u00f3n-Fusi\u00f3n. Wing Chun. Editorial Pasionporloslibros.<\/span><\/li>\n<li class=\"li1\"><span style=\"color: #ffffff;\">Autor del libro: Siu Nim Tao. La Forma. Editorial Autograf\u00eda.<span class=\"Apple-converted-space\">\u00a0<\/span><\/span><\/li>\n<li class=\"li1\"><span style=\"color: #ffffff;\">Autor del libro: El uso del Kysuho en Wing Chun. Editorial Letrame.<span class=\"Apple-converted-space\">\u00a0<\/span><\/span><\/li>\n<li><span style=\"color: #ffffff;\">Autor del libro: Mi camino en el arte. Editorial Amazon.<\/span><\/li>\n<li class=\"li1\"><span style=\"color: #ffffff;\">Instalaciones Propias.<span class=\"Apple-converted-space\">\u00a0<\/span><\/span><\/li>\n<li class=\"li1\"><span style=\"color: #ffffff;\">Fundador y CEO de la Asociaci\u00f3n Wing Chun Wuyi D.A.<span class=\"Apple-converted-space\">\u00a0<\/span><\/span><\/li>\n<li class=\"li1\"><span style=\"color: #ffffff;\">Fundador y Director T\u00e9cnico de Club Deportivo Luchas DPPS Castilla la Mancha.<\/span><\/li>\n<li class=\"li1\"><span style=\"color: #ffffff;\">Dado de alta en distintas Federaciones, tanto a nivel profesional como mi escuela para poder dar clases y otorgar grados.<\/span><\/li>\n<li class=\"li1\"><span style=\"color: #ffffff;\">FML. Federaci\u00f3n Madrile\u00f1a de Lucha.<\/span><\/li>\n<li class=\"li1\"><span style=\"color: #ffffff;\">FEUAM. Federaci\u00f3n Espa\u00f1ola Unificada de Artes Marciales<\/span><\/li>\n<li class=\"li2\"><span class=\"s1\" style=\"color: #ffffff;\"><a style=\"color: #ffffff;\" href=\"https:\/\/www.wingchun-wt.es\"><span class=\"s2\">https:\/\/www.wingchun-wt.es<\/span><\/a><\/span><\/li>\n<li class=\"li2\"><span class=\"s1\" style=\"color: #ffffff;\"><a style=\"color: #ffffff;\" href=\"https:\/\/www.patreon.com\/sifucasimiro\"><span class=\"s2\">https:\/\/www.patreon.com\/sifucasimiro<\/span><\/a><\/span><\/li>\n<\/ul>\n<p>[\/vc_column_text][\/vc_column][\/vc_row][vc_row css_animation=\u00bb\u00bb row_type=\u00bbrow\u00bb use_row_as_full_screen_section=\u00bbno\u00bb type=\u00bbfull_width\u00bb angled_section=\u00bbno\u00bb text_align=\u00bbleft\u00bb background_image_as_pattern=\u00bbwithout_pattern\u00bb][vc_column][vc_empty_space][\/vc_column][\/vc_row]<\/p>\n","protected":false},"excerpt":{"rendered":"<p>[vc_row css_animation=\u00bb\u00bb row_type=\u00bbrow\u00bb use_row_as_full_screen_section=\u00bbno\u00bb type=\u00bbfull_width\u00bb angled_section=\u00bbno\u00bb text_align=\u00bbleft\u00bb background_image_as_pattern=\u00bbwithout_pattern\u00bb css=\u00bb.vc_custom_1538400744805{padding-top: 50px !important;padding-bottom: 50px !important;}\u00bb z_index=\u00bb\u00bb][vc_column][vc_column_text] TRAYECTORIA PROFESIONAL [\/vc_column_text][\/vc_column][\/vc_row][vc_row css_animation=\u00bb\u00bb row_type=\u00bbrow\u00bb use_row_as_full_screen_section=\u00bbno\u00bb type=\u00bbfull_width\u00bb angled_section=\u00bbno\u00bb text_align=\u00bbleft\u00bb background_image_as_pattern=\u00bbwithout_pattern\u00bb][vc_column width=\u00bb1\/2&#8243;][vc_column_text css=\u00bb.vc_custom_1705396445044{padding-top: 70px !important;padding-right: 50px !important;padding-bottom: 70px !important;padding-left: 50px !important;background-color: #a50000 !important;}\u00bb] Maestro de Wing Chun &#8211; Martial Alliance y disciplinas&#8230;<\/p>\n","protected":false},"author":1,"featured_media":0,"parent":0,"menu_order":0,"comment_status":"closed","ping_status":"closed","template":"","meta":{"_monsterinsights_skip_tracking":false,"_monsterinsights_sitenote_active":false,"_monsterinsights_sitenote_note":"","_monsterinsights_sitenote_category":0,"footnotes":""},"class_list":["post-351","page","type-page","status-publish","hentry"],"post_mailing_queue_ids":[],"_links":{"self":[{"href":"https:\/\/wingchun-wt.es\/index.php\/wp-json\/wp\/v2\/pages\/351","targetHints":{"allow":["GET"]}}],"collection":[{"href":"https:\/\/wingchun-wt.es\/index.php\/wp-json\/wp\/v2\/pages"}],"about":[{"href":"https:\/\/wingchun-wt.es\/index.php\/wp-json\/wp\/v2\/types\/page"}],"author":[{"embeddable":true,"href":"https:\/\/wingchun-wt.es\/index.php\/wp-json\/wp\/v2\/users\/1"}],"replies":[{"embeddable":true,"href":"https:\/\/wingchun-wt.es\/index.php\/wp-json\/wp\/v2\/comments?post=351"}],"version-history":[{"count":12,"href":"https:\/\/wingchun-wt.es\/index.php\/wp-json\/wp\/v2\/pages\/351\/revisions"}],"predecessor-version":[{"id":1467,"href":"https:\/\/wingchun-wt.es\/index.php\/wp-json\/wp\/v2\/pages\/351\/revisions\/1467"}],"wp:attachment":[{"href":"https:\/\/wingchun-wt.es\/index.php\/wp-json\/wp\/v2\/media?parent=351"}],"curies":[{"name":"wp","href":"https:\/\/api.w.org\/{rel}","templated":true}]}}